{"id":77,"date":"2022-07-06T19:04:41","date_gmt":"2022-07-06T19:04:41","guid":{"rendered":"https:\/\/lernprofi.ch\/blog\/?page_id=77"},"modified":"2022-07-13T15:24:25","modified_gmt":"2022-07-13T15:24:25","slug":"ueber","status":"publish","type":"page","link":"https:\/\/lernprofi.ch\/blog\/ueber\/","title":{"rendered":"\u00dcber"},"content":{"rendered":"<div id=\"content-main\" class=\"clearfix content-main col-md-9\">\n<div id=\"post-2\" class=\"clearfix post post-2 page type-page status-publish hentry nodate item-wrap\">\n<div class=\"entry clearfix\">\n<h1 class=\"post-title entry-title\"><span style=\"color: inherit; font-family: inherit; font-size: 24px;\">Idee der Software<\/span><\/h1>\n<div class=\"entry-content clearfix\">\n<p>Lern-PROFI-Software sind Programme f\u00fcr die Mittelstufe, die aus der Praxis f\u00fcr die Praxis entwickelt werden. Ausgelegt sind sie f\u00fcr die Mittelstufe, viele \u00dcbungen eigenen sich aber auch f\u00fcr die Unterstufe bzw. die Oberstufe. Die Programme sind leicht zu installieren und in der Bedienung f\u00fcr die Sch\u00fclerinnen und Sch\u00fcler sowie f\u00fcr die Lehrperson gleichermassen einfach.<br \/>\nDie Software ist bewusst ohne Schnickschnack programmiert, was den Vorteil hat, dass das \u00dcben im Vordergrund steht und sie nur wenig Computerkenntnisse an die Anwender (intuitive Benutzerf\u00fchrung) bzw. minimale Anforderungen an die Hardware voraussetzen.<br \/>\n\u00dcber 500 Lizenzen stehen in den Kantonen St. Gallen, Thurgau, Appenzell Inner- und Ausserrhoden, Z\u00fcrich, Bern, Aargau, Solothurn und in Deutschland im Einsatz und werden mit Hilfe der Anwender laufend verbessert und weiterentwickelt.<\/p>\n<h3>Was ist Lern-PROFI?<\/h3>\n<p>Die Software wird auf der Basis von FileMaker Pro entwickelt und in Form einer Runtime vertrieben. Sie ist plattform\u00fcbergreifend auf Macintosh und Windows-PCs einsetzbar und wird an Lehrpersonen, Schulen und Private vertrieben.<\/p>\n<h3>Linzenzen<\/h3>\n<p><a href=\"https:\/\/lernprofi.ch\/blog\/programme\/\" target=\"_blank\" rel=\"noopener\">alte Programme<\/a>: F\u00fcr die bisherigen\u00a0 Programme werden Lizenzen <span style=\"color: #ff0000;\">kostenlos<\/span> und ohne l\u00e4stige Werbung zur Verf\u00fcgung gestellt.<\/p>\n<p><a href=\"https:\/\/lernprofi.ch\/blog\/neue-generation\/\" target=\"_blank\" rel=\"noopener\">Neue Generation<\/a>: Die neuen Programme werden f\u00fcr einen kleinen Betrag verschiedene Lizenzen ausgestellt.<\/p>\n<p>&nbsp;<\/p>\n<h3>Kontakt<\/h3>\n<p>Haben Sie Fragen oder Probleme zu Lern-PROFI-Software, f\u00fcllen Sie ein <a href=\"https:\/\/lernprofi.ch\/blog\/kontakt\/\" target=\"_blank\" rel=\"noopener\">Kontaktformular<\/a> aus.<\/p>\n<p>Postadresse<br \/>\nAndreas Hollenstein<br \/>\nRebenstrasse 14<\/p>\n<p>9403 Goldach<\/p>\n<\/div>\n<\/div>\n<\/div>\n<\/div>\n","protected":false},"excerpt":{"rendered":"<p>Idee der Software Lern-PROFI-Software sind Programme f\u00fcr die Mittelstufe, die aus der Praxis f\u00fcr die Praxis entwickelt werden. Ausgelegt sind sie f\u00fcr die Mittelstufe, viele \u00dcbungen eigenen sich aber auch f\u00fcr die Unterstufe bzw. die Oberstufe. Die Programme sind leicht zu installieren und in der Bedienung f\u00fcr die Sch\u00fclerinnen und Sch\u00fcler sowie f\u00fcr die Lehrperson &hellip; <\/p>\n<p><a class=\"more-link btn\" href=\"https:\/\/lernprofi.ch\/blog\/ueber\/\">Weiterlesen<\/a><\/p>\n","protected":false},"author":1,"featured_media":0,"parent":0,"menu_order":40,"comment_status":"closed","ping_status":"closed","template":"","meta":{"footnotes":""},"class_list":["post-77","page","type-page","status-publish","hentry","nodate","item-wrap"],"publishpress_future_action":{"enabled":false,"date":"2026-05-15 12:45:14","action":"change-status","newStatus":"draft","terms":[],"taxonomy":"","extraData":[]},"publishpress_future_workflow_manual_trigger":{"enabledWorkflows":[]},"_links":{"self":[{"href":"https:\/\/lernprofi.ch\/blog\/wp-json\/wp\/v2\/pages\/77","targetHints":{"allow":["GET"]}}],"collection":[{"href":"https:\/\/lernprofi.ch\/blog\/wp-json\/wp\/v2\/pages"}],"about":[{"href":"https:\/\/lernprofi.ch\/blog\/wp-json\/wp\/v2\/types\/page"}],"author":[{"embeddable":true,"href":"https:\/\/lernprofi.ch\/blog\/wp-json\/wp\/v2\/users\/1"}],"replies":[{"embeddable":true,"href":"https:\/\/lernprofi.ch\/blog\/wp-json\/wp\/v2\/comments?post=77"}],"version-history":[{"count":7,"href":"https:\/\/lernprofi.ch\/blog\/wp-json\/wp\/v2\/pages\/77\/revisions"}],"predecessor-version":[{"id":220,"href":"https:\/\/lernprofi.ch\/blog\/wp-json\/wp\/v2\/pages\/77\/revisions\/220"}],"wp:attachment":[{"href":"https:\/\/lernprofi.ch\/blog\/wp-json\/wp\/v2\/media?parent=77"}],"curies":[{"name":"wp","href":"https:\/\/api.w.org\/{rel}","templated":true}]}}